{"id":1166,"date":"2024-03-29T11:18:03","date_gmt":"2024-03-29T11:18:03","guid":{"rendered":"https:\/\/fishmate.rateltech.com\/?page_id=1166"},"modified":"2024-03-29T11:18:32","modified_gmt":"2024-03-29T11:18:32","slug":"cuttlefish","status":"publish","type":"page","link":"https:\/\/fishmate.rateltech.com\/index.php\/cuttlefish\/","title":{"rendered":"CUTTLEFISH"},"content":{"rendered":"<div class=\"wpb-content-wrapper\"><p>[vc_row][vc_column width=&#8221;1\/2&#8243;][vc_column_text]\t\t<div class=\"fotorama responsive-image-silder\"\r\n\t\t\tdata-width=100%\t\t\t\t\t\t\t\t\tdata-height=\"\"\t\t\t\t\t\t\t\t\t\t\t\t\t\t\t\t\t\tdata-nav=thumbs\t\t\t\t\t\tdata-navposition=bottom\t\t\t\t\t\t\t\t\t\t\t\tdata-thumbborderwidth=3\t\t\tdata-allowfullscreen=true\t\t\tdata-fit=cover\t\t\tdata-thumbfit=cover\t\t\tdata-transition=crossfade\t\t\tdata-click=true\t\t\tdata-transitionduration=300\t\t\tfalse\t\t\ttitle\t\t\tdata-hash=false\t\t\tdata-autoplay=true\t\t\tdata-stopautoplayontouch=false\t\t\tdata-loop=true\t\t\tdata-keyboard=true\t\t\tdata-arrows=true\t\t\tdata-click=true\t\t\tdata-swipe=true\t\t\tdata-trackpad=true\t\t\tdata-shuffle=false\t\t\tdata-direction=ltr\t\t\tdata-spinner=true\t\t\t>\r\n\t\t\t<img decoding=\"async\" src=\"https:\/\/fishmate.rateltech.com\/wp-content\/uploads\/2024\/03\/murekkep-baligi-1.webp\" data-caption=\"\" alt=\"m\u00fcrekkep bal\u0131\u011f\u0131\"><img decoding=\"async\" src=\"https:\/\/fishmate.rateltech.com\/wp-content\/uploads\/2024\/03\/midye-02.webp\" data-caption=\"\" alt=\"midye-02\"><img decoding=\"async\" src=\"https:\/\/fishmate.rateltech.com\/wp-content\/uploads\/2024\/03\/midye-03.webp\" data-caption=\"\" alt=\"midye-03\"><img decoding=\"async\" src=\"https:\/\/fishmate.rateltech.com\/wp-content\/uploads\/2024\/03\/midye-04.webp\" data-caption=\"\" alt=\"midye-04\"><img decoding=\"async\" src=\"https:\/\/fishmate.rateltech.com\/wp-content\/uploads\/2024\/03\/midye-05.webp\" data-caption=\"\" alt=\"midye-05\"><img decoding=\"async\" src=\"https:\/\/fishmate.rateltech.com\/wp-content\/uploads\/2024\/03\/midye-06.webp\" data-caption=\"\" alt=\"midye-06\"><img decoding=\"async\" src=\"https:\/\/fishmate.rateltech.com\/wp-content\/uploads\/2024\/03\/midye-7.webp\" data-caption=\"\" alt=\"midye 7\">\t\t<\/div>\r\n\t\t\t<!-- HTML Script Part Start From Here-->\r\n\t<script>\r\n\tjQuery(document).ready(function() {\r\n\t\tjQuery(function () {\r\n\t\t\tjQuery('.responsive-image-silder').fotorama({\r\n\t\t\t\tspinner: {\r\n\t\t\t\t\tlines: 13,\r\n\t\t\t\t\tcolor: 'rgba(0, 0, 0, .75)',\r\n\t\t\t\t\tclassName: 'fotorama',\r\n\t\t\t\t},\r\n\t\t\t\t\t\t\t\tautoplay : 5000,\r\n\t\t\t\t\t\t\t});\r\n\t\t});\r\n\t\t\r\n\t\tjQuery('.fotorama__stage').addClass('hvr-grow');\r\n\t});\r\n\t<\/script>\r\n\t[\/vc_column_text][vc_empty_space][\/vc_column][vc_column width=&#8221;1\/2&#8243;][vc_column_text]<strong>Commercial Name:<\/strong>\u00a0Cuttlefish<\/p>\n<p><strong>Latin Name:<\/strong>\u00a0Sepia officinalis<\/p>\n<p><strong>Family:<\/strong>\u00a0Sepiidae<\/p>\n<p><strong>Fishing Area:<\/strong>\u00a0The Food and Agriculture Organization (FAO) 37.3.1<\/p>\n<p><strong>Fishing Method:<\/strong>\u00a0Purse Seiner<\/p>\n<p><strong>Fishing Season:<\/strong>\u00a0November \u2013 April<\/p>\n<p><strong>Supply Capacity:<\/strong>\u00a0100 metric tons annually<\/p>\n<p><strong>Product Type:<\/strong>\u00a0Whole round, Tubes, Rings and Tentacle<\/p>\n<p><strong>Frozen Range:<\/strong>\u00a0Block or Individual Quick Frozen (IQF)<\/p>\n<p><strong>Glazing:<\/strong>\u00a05, 10, 20% or as requested<\/p>\n<p><strong>Package Type:\u00a0<\/strong>500g \u2013 20kg PP, PE plastic bags, tray or Kraft cartoon box or as requested<\/p>\n<p><strong>Nutritional Values:\u00a0\u00a0<\/strong>100g Calori: 72g, Fat: 1g, NFE: 0g, Protein: 14g[\/vc_column_text][\/vc_column][\/vc_row]<\/p>\n<\/div>","protected":false},"excerpt":{"rendered":"<p>[vc_row][vc_column width=&#8221;1\/2&#8243;][vc_column_text][\/vc_column_text][vc_empty_space][\/vc_column][vc_column width=&#8221;1\/2&#8243;][vc_column_text]Commercial Name:\u00a0Cuttlefish Latin Name:\u00a0Sepia officinalis Family:\u00a0Sepiidae Fishing Area:\u00a0The Food and Agriculture Organization (FAO) 37.3.1 Fishing Method:\u00a0Purse Seiner Fishing Season:\u00a0November \u2013 April Supply Capacity:\u00a0100 metric tons annually Product Type:\u00a0Whole round, Tubes, Rings and Tentacle Frozen Range:\u00a0Block or Individual Quick Frozen (IQF) Glazing:\u00a05, 10, 20% or as requested Package Type:\u00a0500g \u2013 20kg PP, PE plastic [&hellip;]<\/p>\n","protected":false},"author":1,"featured_media":0,"parent":0,"menu_order":0,"comment_status":"closed","ping_status":"closed","template":"","meta":{"footnotes":""},"class_list":["post-1166","page","type-page","status-publish","hentry"],"_links":{"self":[{"href":"https:\/\/fishmate.rateltech.com\/index.php\/wp-json\/wp\/v2\/pages\/1166","targetHints":{"allow":["GET"]}}],"collection":[{"href":"https:\/\/fishmate.rateltech.com\/index.php\/wp-json\/wp\/v2\/pages"}],"about":[{"href":"https:\/\/fishmate.rateltech.com\/index.php\/wp-json\/wp\/v2\/types\/page"}],"author":[{"embeddable":true,"href":"https:\/\/fishmate.rateltech.com\/index.php\/wp-json\/wp\/v2\/users\/1"}],"replies":[{"embeddable":true,"href":"https:\/\/fishmate.rateltech.com\/index.php\/wp-json\/wp\/v2\/comments?post=1166"}],"version-history":[{"count":1,"href":"https:\/\/fishmate.rateltech.com\/index.php\/wp-json\/wp\/v2\/pages\/1166\/revisions"}],"predecessor-version":[{"id":1175,"href":"https:\/\/fishmate.rateltech.com\/index.php\/wp-json\/wp\/v2\/pages\/1166\/revisions\/1175"}],"wp:attachment":[{"href":"https:\/\/fishmate.rateltech.com\/index.php\/wp-json\/wp\/v2\/media?parent=1166"}],"curies":[{"name":"wp","href":"https:\/\/api.w.org\/{rel}","templated":true}]}}